{"id":1920,"date":"2015-02-12T13:59:46","date_gmt":"2015-02-12T13:59:46","guid":{"rendered":"https:\/\/www.polyfillapro.com\/be-fr\/?page_id=1920"},"modified":"2023-05-12T14:07:20","modified_gmt":"2023-05-12T14:07:20","slug":"concernant-pollyfilla-pro","status":"publish","type":"page","link":"https:\/\/www.polyfillapro.com\/be-fr\/concernant-pollyfilla-pro\/","title":{"rendered":"Concernant Polyfilla Pro"},"content":{"rendered":"<h2>Le point de d\u00e9part id\u00e9al pour un r\u00e9sultat final professionnel<\/h2>\n<p>&nbsp;<\/p>\n<h2>Plus de 50 ans d\u2019exp\u00e9rience<\/h2>\n<p>Depuis plus de 50 ans, nous d\u00e9veloppons et fabriquons des enduits de rebouchage et de lissage pour les professionnels du b\u00e2timent.<br \/>\nNotre expertise de la d\u00e9coration nous permet aujourd\u2019hui de mieux comprendre que la pr\u00e9paration des supports est indispensable pour optimiser le r\u00e9sultat final. Nos innovations facilitent et am\u00e9liorent les \u00e9tapes de pr\u00e9paration pour permettre \u00e0 tous les professionnels d\u2019atteindre un r\u00e9sultat parfait.<br \/>\nQu\u2019il s\u2019agisse de la peinture de murs int\u00e9rieurs, de boiseries ou de fa\u00e7ades : la base doit toujours d\u2019abord \u00eatre n\u00e9ttoy\u00e9e, combl\u00e9e et \u00e9galis\u00e9e. On reconnait un v\u00e9ritable peintre professionnel au soin qu\u2019il met \u00e0 effectuer ces pr\u00e9parations. Polyfilla Pro a \u00e9t\u00e9 con\u00e7u <strong>\u00e0 partir de connaissances pouss\u00e9es de la pratique quotidienne de la peinture<\/strong>. Ces produits de qualit\u00e9 sont enti\u00e8rement au service de votre m\u00e9tier. Le coeur de l\u2019assortiment est constitu\u00e9 de reboucheurs et de mat\u00e9riaux d\u2019\u00e9galisation pour l\u2019int\u00e9rieur et l\u2019ext\u00e9rieur. De plus, Polyfilla Pro offre un vaste assortiment de reboucheurs pour bois pour la r\u00e9paration professionnelle du bois, ainsi qu\u2019un assortiment de produits de pr\u00e9parations sp\u00e9ciaux. Dans cette offe compl\u00e8te, vous trouverez la meilleure solution pour chaque application.<\/p>\n<p><a href=\"https:\/\/www.polyfillapro.com\/be-fr\/nouvel-assortiment-polyfilla-pro\/\">Plus d&#8217;informations sur <strong>l&#8217;assortiment de Polyfilla Pro<\/strong> ici<\/a>.<\/p>\n<p><a href=\"https:\/\/www.polyfillapro.com\/be-fr\/nouvel-assortiment-polyfilla-pro\/\"><img loading=\"lazy\" decoding=\"async\" class=\"alignleft size-medium wp-image-2916\" src=\"https:\/\/www.polyfillapro.com\/be-fr\/wp-content\/uploads\/sites\/6\/2015\/02\/PP_Productenoverzicht_2015_11-300x212.jpg\" alt=\"Plus d'info sur l'assortiment ici\" width=\"300\" height=\"212\" srcset=\"https:\/\/www.polyfillapro.com\/be-fr\/wp-content\/uploads\/sites\/6\/2015\/02\/PP_Productenoverzicht_2015_11-300x212.jpg 300w, https:\/\/www.polyfillapro.com\/be-fr\/wp-content\/uploads\/sites\/6\/2015\/02\/PP_Productenoverzicht_2015_11.jpg 1024w, https:\/\/www.polyfillapro.com\/be-fr\/wp-content\/uploads\/sites\/6\/2015\/02\/PP_Productenoverzicht_2015_11-226x160.jpg 226w, https:\/\/www.polyfillapro.com\/be-fr\/wp-content\/uploads\/sites\/6\/2015\/02\/PP_Productenoverzicht_2015_11-754x534.jpg 754w\" sizes=\"auto, (max-width: 300px) 100vw, 300px\" \/><\/a><\/p>\n<p>AkzoNobel, sp\u00e9cialiste de la d\u00e9coration professionnelle, estime tr\u00e8s important de pouvoir proposer aux professionnels des produits de qualit\u00e9 sup\u00e9rieure, en vue d\u2019une finition parfaite. Gr\u00e2ce \u00e0 notre collaboration avec des marques de peinture r\u00e9put\u00e9es, nos produits de pr\u00e9paration se combinent parfaitement avec les peintures les plus utilis\u00e9es. D\u00e9couvrez les marques de peinture professionnelles d\u2019AkzoNobel ici :<br \/>\n<div class='content-column one_fifth'><a href=\"http:\/\/www.sikkens.com\/\" target=\"_blank\" rel=\"noopener\"><img loading=\"lazy\" decoding=\"async\" class=\"alignnone size-medium wp-image-1915\" src=\"https:\/\/www.polyfillapro.com\/be-nl\/wp-content\/uploads\/sites\/5\/2015\/02\/Logo-Sikkens-Zwart-300x122.jpg\" alt=\"Visiter le site web: Sikkens\" width=\"150\" height=\"61\" \/><\/a><br \/><\/div><div class='content-column one_fifth'><a href=\"http:\/\/www.herbol.be\/fr\/Pages\/HerbolHome.aspx\" target=\"_blank\" rel=\"noopener\"><img loading=\"lazy\" decoding=\"async\" class=\"alignnone size-medium wp-image-1922\" src=\"https:\/\/www.polyfillapro.com\/be-nl\/wp-content\/uploads\/sites\/5\/2015\/02\/Herbol-Logo-4c-300x188.jpg\" alt=\"Visiter le site web: Herbol\" width=\"150\" height=\"80\" \/><\/a><\/div><div class='content-column one_fifth last_column'><a href=\"http:\/\/www.trimetal.be\/fr\/\" target=\"_blank\" rel=\"noopener\"><img loading=\"lazy\" decoding=\"async\" class=\"alignnone size-medium wp-image-1923\" src=\"https:\/\/www.polyfillapro.com\/be-nl\/wp-content\/uploads\/sites\/5\/2015\/02\/LOGO-TRIMETAL-BASELINE-NED-300x137.jpg\" alt=\"Visiter le site web: Trimetal\" width=\"150\" height=\"69\" \/><\/a><\/div><div class='clear_column'><\/div><\/p>\n<h2>Assistance technique<\/h2>\n<p>En mati\u00e8re d\u2019assistance technique aussi, Polyfilla Pro est \u00e0 votre service. Pour toute question relative aux produits Polyfilla Pro, vous pouvez vous adresser \u00e0 nos professionnels t\u00e9l\u00e9phonique +32 (2) 254 22 11 ou <a href=\"https:\/\/www.polyfillapro.com\/be-fr\/contact\/\">par le page de contact<\/a> .<\/p>\n<h2>Histoire<\/h2>\n<p><strong>1964<\/strong> &#8211; Expansion europ\u00e9enne apr\u00e8s la construction d\u2019une nouvelle usine. Les<br \/>\nproduits sont vendus sous l\u2019enseigne de marques locales comme Molto<br \/>\nen Allemagne, Polyfilla en France et Polycell au RU.<\/p>\n<p><strong>1970<\/strong> &#8211; D\u00e9veloppement du premier tube d\u2019enduit pr\u00eat \u00e0 l\u2019emploi.<\/p>\n<p><strong>1992<\/strong> &#8211; &#8211; Investissements dans l\u2019usine en vue de moderniser les installations de<br \/>\nproduction. Toutes les lignes de production sont d\u00e9sormais hautement<br \/>\nautomatis\u00e9es.<br \/>\n<img loading=\"lazy\" decoding=\"async\" class=\"aligncent size-thumbnail wp-image-1939\" src=\"https:\/\/www.polyfillapro.com\/be-nl\/wp-content\/uploads\/sites\/5\/2015\/02\/Polyfilla-Pro-productie1-150x150.jpg\" alt=\"Polyfilla-Pro-productie[1]\" width=\"180\" height=\"140\" \/><br \/>\n<strong>2002<\/strong> &#8211; D\u00e9veloppement de reboucheurs l\u00e9gers, plus faciles \u00e0 poncer et \u00e0 moduler.<\/p>\n<p><strong>2007<\/strong> &#8211; D\u00e9veloppement d\u2019un produit de remplacement Polyester en phase aqueuse.<br \/>\nFaible odeur et moins nocif pour l\u2019environnement.<\/p>\n<p><strong>2008<\/strong> &#8211; Acquisition par AkzoNobel.<br \/>\nD\u00e9veloppement de produits \u00e9poxy 2-en-1 pour un usage plus facile et une<br \/>\nmeilleure miscibilit\u00e9.<\/p>\n<p><strong>2009<\/strong> -D\u00e9veloppement d\u2019enduits ultra lisses \u00e0 long temps ouvert.<br \/>\nLancement de Polyfilla Pro \u00e0 travers l\u2019Europe. Une gamme de<br \/>\npr\u00e9-d\u00e9coration sp\u00e9cialis\u00e9e pour le peintre ou le d\u00e9corateur professionnel.<\/p>\n<p><strong>2012<\/strong> &#8211; D\u00e9veloppement de produits 2 composants pour la r\u00e9paration du bois. A base d\u2019acryl-ur\u00e9thane, ce syst\u00e8me s\u00e8che plus rapidement et est ais\u00e9ment recouvrable par les laques de nouvelle g\u00e9n\u00e9ration.<\/p>\n","protected":false},"excerpt":{"rendered":"Le point de d\u00e9part id\u00e9al pour un r\u00e9sultat final professionnel &nbsp; Plus de 50 ans d\u2019exp\u00e9rience Depuis plus de 50 ans, nous d\u00e9veloppons et fabriquons des enduits de rebouchage et de lissage pour les professionnels du b\u00e2timent. Notre expertise de la d\u00e9coration nous permet aujourd\u2019hui de mieux comprendre que la pr\u00e9paration des supports est indispensable [&hellip;]","protected":false},"author":13,"featured_media":0,"parent":0,"menu_order":0,"comment_status":"open","ping_status":"open","template":"","meta":{"_acf_changed":false,"inline_featured_image":false,"_monsterinsights_skip_tracking":false,"_monsterinsights_sitenote_active":false,"_monsterinsights_sitenote_note":"","_monsterinsights_sitenote_category":0,"footnotes":""},"class_list":["post-1920","page","type-page","status-publish","hentry"],"acf":[],"yoast_head":"<!-- This site is optimized with the Yoast SEO Premium plugin v27.0 (Yoast SEO v27.0) - https:\/\/yoast.com\/product\/yoast-seo-premium-wordpress\/ -->\n<title>Concernant Pollyfilla Pro<\/title>\n<meta name=\"description\" content=\"Concernant Pollyfilla Pro, Histoire, Vision, Information\" \/>\n<meta name=\"robots\" content=\"index, follow, max-snippet:-1, max-image-preview:large, max-video-preview:-1\" \/>\n<link rel=\"canonical\" href=\"https:\/\/www.polyfillapro.com\/be-fr\/concernant-pollyfilla-pro\/\" \/>\n<meta property=\"og:locale\" content=\"fr_FR\" \/>\n<meta property=\"og:type\" content=\"article\" \/>\n<meta property=\"og:title\" content=\"Concernant Pollyfilla Pro\" \/>\n<meta property=\"og:description\" content=\"Concernant Pollyfilla Pro, Histoire, Vision, Information\" \/>\n<meta property=\"og:url\" content=\"https:\/\/www.polyfillapro.com\/be-fr\/concernant-pollyfilla-pro\/\" \/>\n<meta property=\"og:site_name\" content=\"Polyfilla PRO BE-FR\" \/>\n<meta property=\"article:modified_time\" content=\"2023-05-12T14:07:20+00:00\" \/>\n<meta property=\"og:image\" content=\"https:\/\/www.polyfillapro.com\/be-fr\/wp-content\/uploads\/sites\/6\/2015\/02\/PP_Productenoverzicht_2015_11-300x212.jpg\" \/>\n<meta name=\"twitter:card\" content=\"summary_large_image\" \/>\n<meta name=\"twitter:label1\" content=\"Dur\u00e9e de lecture est.\" \/>\n\t<meta name=\"twitter:data1\" content=\"4 minutes\" \/>\n<script type=\"application\/ld+json\" class=\"yoast-schema-graph\">{\"@context\":\"https:\/\/schema.org\",\"@graph\":[{\"@type\":\"WebPage\",\"@id\":\"https:\/\/www.polyfillapro.com\/be-fr\/concernant-pollyfilla-pro\/\",\"url\":\"https:\/\/www.polyfillapro.com\/be-fr\/concernant-pollyfilla-pro\/\",\"name\":\"Concernant Pollyfilla Pro\",\"isPartOf\":{\"@id\":\"https:\/\/www.polyfillapro.com\/be-fr\/#website\"},\"primaryImageOfPage\":{\"@id\":\"https:\/\/www.polyfillapro.com\/be-fr\/concernant-pollyfilla-pro\/#primaryimage\"},\"image\":{\"@id\":\"https:\/\/www.polyfillapro.com\/be-fr\/concernant-pollyfilla-pro\/#primaryimage\"},\"thumbnailUrl\":\"https:\/\/www.polyfillapro.com\/be-fr\/wp-content\/uploads\/sites\/6\/2015\/02\/PP_Productenoverzicht_2015_11-300x212.jpg\",\"datePublished\":\"2015-02-12T13:59:46+00:00\",\"dateModified\":\"2023-05-12T14:07:20+00:00\",\"description\":\"Concernant Pollyfilla Pro, Histoire, Vision, Information\",\"inLanguage\":\"fr-BE\",\"potentialAction\":[{\"@type\":\"ReadAction\",\"target\":[\"https:\/\/www.polyfillapro.com\/be-fr\/concernant-pollyfilla-pro\/\"]}]},{\"@type\":\"ImageObject\",\"inLanguage\":\"fr-BE\",\"@id\":\"https:\/\/www.polyfillapro.com\/be-fr\/concernant-pollyfilla-pro\/#primaryimage\",\"url\":\"https:\/\/www.polyfillapro.com\/be-fr\/wp-content\/uploads\/sites\/6\/2015\/02\/PP_Productenoverzicht_2015_11.jpg\",\"contentUrl\":\"https:\/\/www.polyfillapro.com\/be-fr\/wp-content\/uploads\/sites\/6\/2015\/02\/PP_Productenoverzicht_2015_11.jpg\",\"width\":1024,\"height\":725},{\"@type\":\"WebSite\",\"@id\":\"https:\/\/www.polyfillapro.com\/be-fr\/#website\",\"url\":\"https:\/\/www.polyfillapro.com\/be-fr\/\",\"name\":\"Polyfilla PRO BE-FR\",\"description\":\"\",\"publisher\":{\"@id\":\"https:\/\/www.polyfillapro.com\/be-fr\/#organization\"},\"potentialAction\":[{\"@type\":\"SearchAction\",\"target\":{\"@type\":\"EntryPoint\",\"urlTemplate\":\"https:\/\/www.polyfillapro.com\/be-fr\/?s={search_term_string}\"},\"query-input\":{\"@type\":\"PropertyValueSpecification\",\"valueRequired\":true,\"valueName\":\"search_term_string\"}}],\"inLanguage\":\"fr-BE\"},{\"@type\":\"Organization\",\"@id\":\"https:\/\/www.polyfillapro.com\/be-fr\/#organization\",\"name\":\"Polyfilla PRO BE-FR\",\"url\":\"https:\/\/www.polyfillapro.com\/be-fr\/\",\"logo\":{\"@type\":\"ImageObject\",\"inLanguage\":\"fr-BE\",\"@id\":\"https:\/\/www.polyfillapro.com\/be-fr\/#\/schema\/logo\/image\/\",\"url\":\"https:\/\/www.polyfillapro.com\/be-fr\/wp-content\/uploads\/sites\/6\/2022\/12\/logo-polyfilla-1.svg\",\"contentUrl\":\"https:\/\/www.polyfillapro.com\/be-fr\/wp-content\/uploads\/sites\/6\/2022\/12\/logo-polyfilla-1.svg\",\"width\":162,\"height\":65,\"caption\":\"Polyfilla PRO BE-FR\"},\"image\":{\"@id\":\"https:\/\/www.polyfillapro.com\/be-fr\/#\/schema\/logo\/image\/\"}}]}<\/script>\n<!-- \/ Yoast SEO Premium plugin. -->","yoast_head_json":{"title":"Concernant Pollyfilla Pro","description":"Concernant Pollyfilla Pro, Histoire, Vision, Information","robots":{"index":"index","follow":"follow","max-snippet":"max-snippet:-1","max-image-preview":"max-image-preview:large","max-video-preview":"max-video-preview:-1"},"canonical":"https:\/\/www.polyfillapro.com\/be-fr\/concernant-pollyfilla-pro\/","og_locale":"fr_FR","og_type":"article","og_title":"Concernant Pollyfilla Pro","og_description":"Concernant Pollyfilla Pro, Histoire, Vision, Information","og_url":"https:\/\/www.polyfillapro.com\/be-fr\/concernant-pollyfilla-pro\/","og_site_name":"Polyfilla PRO BE-FR","article_modified_time":"2023-05-12T14:07:20+00:00","og_image":[{"url":"https:\/\/www.polyfillapro.com\/be-fr\/wp-content\/uploads\/sites\/6\/2015\/02\/PP_Productenoverzicht_2015_11-300x212.jpg","type":"","width":"","height":""}],"twitter_card":"summary_large_image","twitter_misc":{"Dur\u00e9e de lecture est.":"4 minutes"},"schema":{"@context":"https:\/\/schema.org","@graph":[{"@type":"WebPage","@id":"https:\/\/www.polyfillapro.com\/be-fr\/concernant-pollyfilla-pro\/","url":"https:\/\/www.polyfillapro.com\/be-fr\/concernant-pollyfilla-pro\/","name":"Concernant Pollyfilla Pro","isPartOf":{"@id":"https:\/\/www.polyfillapro.com\/be-fr\/#website"},"primaryImageOfPage":{"@id":"https:\/\/www.polyfillapro.com\/be-fr\/concernant-pollyfilla-pro\/#primaryimage"},"image":{"@id":"https:\/\/www.polyfillapro.com\/be-fr\/concernant-pollyfilla-pro\/#primaryimage"},"thumbnailUrl":"https:\/\/www.polyfillapro.com\/be-fr\/wp-content\/uploads\/sites\/6\/2015\/02\/PP_Productenoverzicht_2015_11-300x212.jpg","datePublished":"2015-02-12T13:59:46+00:00","dateModified":"2023-05-12T14:07:20+00:00","description":"Concernant Pollyfilla Pro, Histoire, Vision, Information","inLanguage":"fr-BE","potentialAction":[{"@type":"ReadAction","target":["https:\/\/www.polyfillapro.com\/be-fr\/concernant-pollyfilla-pro\/"]}]},{"@type":"ImageObject","inLanguage":"fr-BE","@id":"https:\/\/www.polyfillapro.com\/be-fr\/concernant-pollyfilla-pro\/#primaryimage","url":"https:\/\/www.polyfillapro.com\/be-fr\/wp-content\/uploads\/sites\/6\/2015\/02\/PP_Productenoverzicht_2015_11.jpg","contentUrl":"https:\/\/www.polyfillapro.com\/be-fr\/wp-content\/uploads\/sites\/6\/2015\/02\/PP_Productenoverzicht_2015_11.jpg","width":1024,"height":725},{"@type":"WebSite","@id":"https:\/\/www.polyfillapro.com\/be-fr\/#website","url":"https:\/\/www.polyfillapro.com\/be-fr\/","name":"Polyfilla PRO BE-FR","description":"","publisher":{"@id":"https:\/\/www.polyfillapro.com\/be-fr\/#organization"},"potentialAction":[{"@type":"SearchAction","target":{"@type":"EntryPoint","urlTemplate":"https:\/\/www.polyfillapro.com\/be-fr\/?s={search_term_string}"},"query-input":{"@type":"PropertyValueSpecification","valueRequired":true,"valueName":"search_term_string"}}],"inLanguage":"fr-BE"},{"@type":"Organization","@id":"https:\/\/www.polyfillapro.com\/be-fr\/#organization","name":"Polyfilla PRO BE-FR","url":"https:\/\/www.polyfillapro.com\/be-fr\/","logo":{"@type":"ImageObject","inLanguage":"fr-BE","@id":"https:\/\/www.polyfillapro.com\/be-fr\/#\/schema\/logo\/image\/","url":"https:\/\/www.polyfillapro.com\/be-fr\/wp-content\/uploads\/sites\/6\/2022\/12\/logo-polyfilla-1.svg","contentUrl":"https:\/\/www.polyfillapro.com\/be-fr\/wp-content\/uploads\/sites\/6\/2022\/12\/logo-polyfilla-1.svg","width":162,"height":65,"caption":"Polyfilla PRO BE-FR"},"image":{"@id":"https:\/\/www.polyfillapro.com\/be-fr\/#\/schema\/logo\/image\/"}}]}},"_links":{"self":[{"href":"https:\/\/www.polyfillapro.com\/be-fr\/wp-json\/wp\/v2\/pages\/1920","targetHints":{"allow":["GET"]}}],"collection":[{"href":"https:\/\/www.polyfillapro.com\/be-fr\/wp-json\/wp\/v2\/pages"}],"about":[{"href":"https:\/\/www.polyfillapro.com\/be-fr\/wp-json\/wp\/v2\/types\/page"}],"author":[{"embeddable":true,"href":"https:\/\/www.polyfillapro.com\/be-fr\/wp-json\/wp\/v2\/users\/13"}],"replies":[{"embeddable":true,"href":"https:\/\/www.polyfillapro.com\/be-fr\/wp-json\/wp\/v2\/comments?post=1920"}],"version-history":[{"count":26,"href":"https:\/\/www.polyfillapro.com\/be-fr\/wp-json\/wp\/v2\/pages\/1920\/revisions"}],"predecessor-version":[{"id":4053,"href":"https:\/\/www.polyfillapro.com\/be-fr\/wp-json\/wp\/v2\/pages\/1920\/revisions\/4053"}],"wp:attachment":[{"href":"https:\/\/www.polyfillapro.com\/be-fr\/wp-json\/wp\/v2\/media?parent=1920"}],"curies":[{"name":"wp","href":"https:\/\/api.w.org\/{rel}","templated":true}]}}