{"id":3643,"date":"2024-03-29T14:24:05","date_gmt":"2024-03-29T14:24:05","guid":{"rendered":"https:\/\/www.polyfillapro.com\/be-fr\/?page_id=3643"},"modified":"2026-01-27T10:48:38","modified_gmt":"2026-01-27T10:48:38","slug":"homepage","status":"publish","type":"page","link":"https:\/\/www.polyfillapro.com\/be-fr\/","title":{"rendered":"Homepage"},"content":{"rendered":"","protected":false},"excerpt":{"rendered":"","protected":false},"author":13,"featured_media":0,"parent":0,"menu_order":0,"comment_status":"closed","ping_status":"closed","template":"","meta":{"_acf_changed":false,"inline_featured_image":false,"_monsterinsights_skip_tracking":false,"_monsterinsights_sitenote_active":false,"_monsterinsights_sitenote_note":"","_monsterinsights_sitenote_category":0,"footnotes":""},"class_list":["post-3643","page","type-page","status-publish","hentry"],"acf":[],"yoast_head":"<!-- This site is optimized with the Yoast SEO Premium plugin v27.0 (Yoast SEO v27.0) - https:\/\/yoast.com\/product\/yoast-seo-premium-wordpress\/ -->\n<title>Homepage - Polyfilla PRO BE-FR<\/title>\n<meta name=\"description\" content=\"Polyfilla PRO est l&#039;expert qui r\u00e9pare et pr\u00e9pare tous les supports pour permettre au peintre d&#039;obtenir le meilleur r\u00e9sultat pour son client.\" \/>\n<meta name=\"robots\" content=\"index, follow, max-snippet:-1, max-image-preview:large, max-video-preview:-1\" \/>\n<link rel=\"canonical\" href=\"https:\/\/www.polyfillapro.com\/be-fr\/\" \/>\n<meta property=\"og:locale\" content=\"fr_FR\" \/>\n<meta property=\"og:type\" content=\"article\" \/>\n<meta property=\"og:title\" content=\"Homepage - Polyfilla PRO BE-FR\" \/>\n<meta property=\"og:description\" content=\"Polyfilla PRO est l&#039;expert qui r\u00e9pare et pr\u00e9pare tous les supports pour permettre au peintre d&#039;obtenir le meilleur r\u00e9sultat pour son client.\" \/>\n<meta property=\"og:url\" content=\"https:\/\/www.polyfillapro.com\/be-fr\/\" \/>\n<meta property=\"og:site_name\" content=\"Polyfilla PRO BE-FR\" \/>\n<meta property=\"article:modified_time\" content=\"2026-01-27T10:48:38+00:00\" \/>\n<meta name=\"twitter:card\" content=\"summary_large_image\" \/>\n<script type=\"application\/ld+json\" class=\"yoast-schema-graph\">{\"@context\":\"https:\/\/schema.org\",\"@graph\":[{\"@type\":\"WebPage\",\"@id\":\"https:\/\/www.polyfillapro.com\/be-fr\/\",\"url\":\"https:\/\/www.polyfillapro.com\/be-fr\/\",\"name\":\"Homepage - Polyfilla PRO BE-FR\",\"isPartOf\":{\"@id\":\"https:\/\/www.polyfillapro.com\/be-fr\/#website\"},\"datePublished\":\"2024-03-29T14:24:05+00:00\",\"dateModified\":\"2026-01-27T10:48:38+00:00\",\"description\":\"Polyfilla PRO est l'expert qui r\u00e9pare et pr\u00e9pare tous les supports pour permettre au peintre d'obtenir le meilleur r\u00e9sultat pour son client.\",\"inLanguage\":\"fr-BE\",\"potentialAction\":[{\"@type\":\"ReadAction\",\"target\":[\"https:\/\/www.polyfillapro.com\/be-fr\/\"]}]},{\"@type\":\"WebSite\",\"@id\":\"https:\/\/www.polyfillapro.com\/be-fr\/#website\",\"url\":\"https:\/\/www.polyfillapro.com\/be-fr\/\",\"name\":\"Polyfilla PRO BE-FR\",\"description\":\"\",\"publisher\":{\"@id\":\"https:\/\/www.polyfillapro.com\/be-fr\/#organization\"},\"potentialAction\":[{\"@type\":\"SearchAction\",\"target\":{\"@type\":\"EntryPoint\",\"urlTemplate\":\"https:\/\/www.polyfillapro.com\/be-fr\/?s={search_term_string}\"},\"query-input\":{\"@type\":\"PropertyValueSpecification\",\"valueRequired\":true,\"valueName\":\"search_term_string\"}}],\"inLanguage\":\"fr-BE\"},{\"@type\":\"Organization\",\"@id\":\"https:\/\/www.polyfillapro.com\/be-fr\/#organization\",\"name\":\"Polyfilla PRO BE-FR\",\"url\":\"https:\/\/www.polyfillapro.com\/be-fr\/\",\"logo\":{\"@type\":\"ImageObject\",\"inLanguage\":\"fr-BE\",\"@id\":\"https:\/\/www.polyfillapro.com\/be-fr\/#\/schema\/logo\/image\/\",\"url\":\"https:\/\/www.polyfillapro.com\/be-fr\/wp-content\/uploads\/sites\/6\/2022\/12\/logo-polyfilla-1.svg\",\"contentUrl\":\"https:\/\/www.polyfillapro.com\/be-fr\/wp-content\/uploads\/sites\/6\/2022\/12\/logo-polyfilla-1.svg\",\"width\":162,\"height\":65,\"caption\":\"Polyfilla PRO BE-FR\"},\"image\":{\"@id\":\"https:\/\/www.polyfillapro.com\/be-fr\/#\/schema\/logo\/image\/\"}}]}<\/script>\n<!-- \/ Yoast SEO Premium plugin. -->","yoast_head_json":{"title":"Homepage - Polyfilla PRO BE-FR","description":"Polyfilla PRO est l'expert qui r\u00e9pare et pr\u00e9pare tous les supports pour permettre au peintre d'obtenir le meilleur r\u00e9sultat pour son client.","robots":{"index":"index","follow":"follow","max-snippet":"max-snippet:-1","max-image-preview":"max-image-preview:large","max-video-preview":"max-video-preview:-1"},"canonical":"https:\/\/www.polyfillapro.com\/be-fr\/","og_locale":"fr_FR","og_type":"article","og_title":"Homepage - Polyfilla PRO BE-FR","og_description":"Polyfilla PRO est l'expert qui r\u00e9pare et pr\u00e9pare tous les supports pour permettre au peintre d'obtenir le meilleur r\u00e9sultat pour son client.","og_url":"https:\/\/www.polyfillapro.com\/be-fr\/","og_site_name":"Polyfilla PRO BE-FR","article_modified_time":"2026-01-27T10:48:38+00:00","twitter_card":"summary_large_image","schema":{"@context":"https:\/\/schema.org","@graph":[{"@type":"WebPage","@id":"https:\/\/www.polyfillapro.com\/be-fr\/","url":"https:\/\/www.polyfillapro.com\/be-fr\/","name":"Homepage - Polyfilla PRO BE-FR","isPartOf":{"@id":"https:\/\/www.polyfillapro.com\/be-fr\/#website"},"datePublished":"2024-03-29T14:24:05+00:00","dateModified":"2026-01-27T10:48:38+00:00","description":"Polyfilla PRO est l'expert qui r\u00e9pare et pr\u00e9pare tous les supports pour permettre au peintre d'obtenir le meilleur r\u00e9sultat pour son client.","inLanguage":"fr-BE","potentialAction":[{"@type":"ReadAction","target":["https:\/\/www.polyfillapro.com\/be-fr\/"]}]},{"@type":"WebSite","@id":"https:\/\/www.polyfillapro.com\/be-fr\/#website","url":"https:\/\/www.polyfillapro.com\/be-fr\/","name":"Polyfilla PRO BE-FR","description":"","publisher":{"@id":"https:\/\/www.polyfillapro.com\/be-fr\/#organization"},"potentialAction":[{"@type":"SearchAction","target":{"@type":"EntryPoint","urlTemplate":"https:\/\/www.polyfillapro.com\/be-fr\/?s={search_term_string}"},"query-input":{"@type":"PropertyValueSpecification","valueRequired":true,"valueName":"search_term_string"}}],"inLanguage":"fr-BE"},{"@type":"Organization","@id":"https:\/\/www.polyfillapro.com\/be-fr\/#organization","name":"Polyfilla PRO BE-FR","url":"https:\/\/www.polyfillapro.com\/be-fr\/","logo":{"@type":"ImageObject","inLanguage":"fr-BE","@id":"https:\/\/www.polyfillapro.com\/be-fr\/#\/schema\/logo\/image\/","url":"https:\/\/www.polyfillapro.com\/be-fr\/wp-content\/uploads\/sites\/6\/2022\/12\/logo-polyfilla-1.svg","contentUrl":"https:\/\/www.polyfillapro.com\/be-fr\/wp-content\/uploads\/sites\/6\/2022\/12\/logo-polyfilla-1.svg","width":162,"height":65,"caption":"Polyfilla PRO BE-FR"},"image":{"@id":"https:\/\/www.polyfillapro.com\/be-fr\/#\/schema\/logo\/image\/"}}]}},"_links":{"self":[{"href":"https:\/\/www.polyfillapro.com\/be-fr\/wp-json\/wp\/v2\/pages\/3643","targetHints":{"allow":["GET"]}}],"collection":[{"href":"https:\/\/www.polyfillapro.com\/be-fr\/wp-json\/wp\/v2\/pages"}],"about":[{"href":"https:\/\/www.polyfillapro.com\/be-fr\/wp-json\/wp\/v2\/types\/page"}],"author":[{"embeddable":true,"href":"https:\/\/www.polyfillapro.com\/be-fr\/wp-json\/wp\/v2\/users\/13"}],"replies":[{"embeddable":true,"href":"https:\/\/www.polyfillapro.com\/be-fr\/wp-json\/wp\/v2\/comments?post=3643"}],"version-history":[{"count":21,"href":"https:\/\/www.polyfillapro.com\/be-fr\/wp-json\/wp\/v2\/pages\/3643\/revisions"}],"predecessor-version":[{"id":4303,"href":"https:\/\/www.polyfillapro.com\/be-fr\/wp-json\/wp\/v2\/pages\/3643\/revisions\/4303"}],"wp:attachment":[{"href":"https:\/\/www.polyfillapro.com\/be-fr\/wp-json\/wp\/v2\/media?parent=3643"}],"curies":[{"name":"wp","href":"https:\/\/api.w.org\/{rel}","templated":true}]}}